{"id":277052,"date":"2025-10-09T08:02:17","date_gmt":"2025-10-09T06:02:17","guid":{"rendered":"https:\/\/brandocs.hu\/home\/nyitooldal-romana\/"},"modified":"2025-10-09T08:02:17","modified_gmt":"2025-10-09T06:02:17","slug":"nyitooldal-romana","status":"publish","type":"page","link":"https:\/\/brandocs.hu\/home\/ro\/nyitooldal-romana\/","title":{"rendered":"Nyit\u00f3oldal &#8211; Rom\u00e2n\u0103"},"content":{"rendered":"","protected":false},"excerpt":{"rendered":"","protected":false},"author":3,"featured_media":0,"parent":0,"menu_order":0,"comment_status":"closed","ping_status":"closed","template":"","meta":{"_et_pb_use_builder":"","_et_pb_old_content":"","_et_gb_content_width":"","footnotes":""},"class_list":["post-277052","page","type-page","status-publish","hentry"],"_links":{"self":[{"href":"https:\/\/brandocs.hu\/home\/wp-json\/wp\/v2\/pages\/277052","targetHints":{"allow":["GET"]}}],"collection":[{"href":"https:\/\/brandocs.hu\/home\/wp-json\/wp\/v2\/pages"}],"about":[{"href":"https:\/\/brandocs.hu\/home\/wp-json\/wp\/v2\/types\/page"}],"author":[{"embeddable":true,"href":"https:\/\/brandocs.hu\/home\/wp-json\/wp\/v2\/users\/3"}],"replies":[{"embeddable":true,"href":"https:\/\/brandocs.hu\/home\/wp-json\/wp\/v2\/comments?post=277052"}],"version-history":[{"count":0,"href":"https:\/\/brandocs.hu\/home\/wp-json\/wp\/v2\/pages\/277052\/revisions"}],"wp:attachment":[{"href":"https:\/\/brandocs.hu\/home\/wp-json\/wp\/v2\/media?parent=277052"}],"curies":[{"name":"wp","href":"https:\/\/api.w.org\/{rel}","templated":true}]}}