{"id":276888,"date":"2025-04-17T14:42:19","date_gmt":"2025-04-17T12:42:19","guid":{"rendered":"https:\/\/brandocs.hu\/home\/?page_id=276888"},"modified":"2026-03-23T16:20:12","modified_gmt":"2026-03-23T15:20:12","slug":"blog","status":"publish","type":"page","link":"https:\/\/brandocs.hu\/home\/blog\/","title":{"rendered":"Blog"},"content":{"rendered":"<p>[et_pb_section fb_built=&#8221;1&#8243; custom_padding_last_edited=&#8221;on|phone&#8221; admin_label=&#8221;Header&#8221; _builder_version=&#8221;4.23.1&#8243; _module_preset=&#8221;default&#8221; custom_padding=&#8221;0px||||false|false&#8221; custom_padding_tablet=&#8221;100px||||false|false&#8221; custom_padding_phone=&#8221;0px||||false|false&#8221; da_disable_devices=&#8221;off|off|off&#8221; global_colors_info=&#8221;{}&#8221; da_is_popup=&#8221;off&#8221; da_exit_intent=&#8221;off&#8221; da_has_close=&#8221;on&#8221; da_alt_close=&#8221;off&#8221; da_dark_close=&#8221;off&#8221; da_not_modal=&#8221;on&#8221; da_is_singular=&#8221;off&#8221; da_with_loader=&#8221;off&#8221; da_has_shadow=&#8221;on&#8221;][et_pb_row _builder_version=&#8221;4.23.1&#8243; _module_preset=&#8221;default&#8221; custom_padding=&#8221;||0px||false|false&#8221; global_colors_info=&#8221;{}&#8221;][et_pb_column type=&#8221;4_4&#8243; _builder_version=&#8221;4.18.0&#8243; _module_preset=&#8221;default&#8221; global_colors_info=&#8221;{}&#8221;][et_pb_blog posts_number=&#8221;1&#8243; include_categories=&#8221;17,55&#8243; meta_date=&#8221;Y.m.d.&#8221; show_author=&#8221;off&#8221; show_pagination=&#8221;off&#8221; module_id=&#8221;my-custom-module&#8221; _builder_version=&#8221;4.27.4&#8243; _module_preset=&#8221;default&#8221; header_font=&#8221;Inter|700|||||||&#8221; header_font_size=&#8221;30px&#8221; header_line_height=&#8221;1.3em&#8221; body_font=&#8221;Inter|300|||||||&#8221; body_font_size=&#8221;16px&#8221; body_line_height=&#8221;24px&#8221; meta_font=&#8221;Inter|||on|||||&#8221; meta_text_color=&#8221;#93961d&#8221; meta_font_size=&#8221;11px&#8221; meta_letter_spacing=&#8221;2px&#8221; custom_margin=&#8221;||||false|false&#8221; custom_padding=&#8221;||||false|false&#8221; hover_enabled=&#8221;0&#8243; custom_css_free_form=&#8221;\/* Csak a my-custom-module nev\u0171 modulra alkalmazott CSS *\/||#my-custom-module .entry-title {||    padding-top: 0;||}||||#my-custom-module .entry-title {||    font-size: 20px;||}||||@media only screen and (min-width: 768px) {||    #my-custom-module .entry-featured-image-url {||        float: left;||        width: 45%;||        margin-right: 3%;||    }||||    #my-custom-module .entry-title {||        padding-top: 40px;||    }||}||||\/* Alap\u00e9rtelmezett st\u00edlusok a my-custom-module modulra *\/||#my-custom-module .tag-video.et_pb_post {||    background-color: rgb(255, 255, 255) !important;||    position: relative;||}||||#my-custom-module .tag-video.et_pb_post::before {||    content: %22\u25ba VIDE\u00d3%22;||    position: absolute;||    top: 306px;||    left: 0px;||    background-color: #93961d;||    padding: 1px 8px;||    color: white;||    font-size: 12px;||    z-index: 1;||}||||\/* Mobil n\u00e9zet a my-custom-module modulra *\/||@media only screen and (max-width: 767px) {||    #my-custom-module .tag-video.et_pb_post::before {||        top: 186.2px; \/* M\u00f3dos\u00edtott poz\u00edci\u00f3 mobil n\u00e9zetben *\/||    }||}||&#8221; locked=&#8221;off&#8221; global_colors_info=&#8221;{}&#8221; sticky_enabled=&#8221;0&#8243;][\/et_pb_blog][et_pb_blog fullwidth=&#8221;off&#8221; posts_number=&#8221;9&#8243; include_categories=&#8221;17,55&#8243; meta_date=&#8221;Y.m.d.&#8221; excerpt_length=&#8221;150&#8243; show_author=&#8221;off&#8221; show_pagination=&#8221;off&#8221; offset_number=&#8221;2&#8243; disabled_on=&#8221;off|off|off&#8221; _builder_version=&#8221;4.27.4&#8243; _module_preset=&#8221;default&#8221; header_level=&#8221;h3&#8243; header_font=&#8221;Inter|700|||||||&#8221; header_font_size=&#8221;22px&#8221; header_line_height=&#8221;1.3em&#8221; body_font=&#8221;Inter|300|||||||&#8221; body_font_size=&#8221;16px&#8221; body_line_height=&#8221;24px&#8221; meta_font=&#8221;Inter|||on|||||&#8221; meta_text_color=&#8221;#93961d&#8221; meta_font_size=&#8221;11px&#8221; meta_letter_spacing=&#8221;2px&#8221; pagination_font=&#8221;Krona One|||on|||||&#8221; pagination_text_color=&#8221;#372E2B&#8221; pagination_letter_spacing=&#8221;2px&#8221; display_conditions=&#8221;W10=&#8221; custom_margin=&#8221;-35px||||false|false&#8221; custom_margin_tablet=&#8221;0px||||false|false&#8221; custom_margin_phone=&#8221;0px||||false|false&#8221; custom_margin_last_edited=&#8221;on|phone&#8221; custom_padding=&#8221;20px||||false|false&#8221; hover_enabled=&#8221;0&#8243; header_font_size_tablet=&#8221;22px&#8221; header_font_size_phone=&#8221;22px&#8221; header_font_size_last_edited=&#8221;on|phone&#8221; pagination_font_size_tablet=&#8221;12px&#8221; pagination_font_size_phone=&#8221;12px&#8221; pagination_font_size_last_edited=&#8221;on|phone&#8221; custom_css_free_form=&#8221;\/* Alap\u00e9rtelmezett st\u00edlusok *\/||.et_pb_blog_grid .tag-video.et_pb_post {||    background-color: rgb(255, 255, 255) !important;||    position: relative;||}||||.et_pb_blog_grid .tag-video.et_pb_post::before {||    content: %22\u25ba VIDE\u00d3%22;||    position: absolute;||    top: 169.5px;||    left: -1px;||    background-color: #93961d;||    padding: 1px 8px;||    color: white;||    font-size: 12px;||    z-index: 1;||}||||\/* Mobil n\u00e9zet *\/||@media only screen and (max-width: 767px) {||    .et_pb_blog_grid .tag-video.et_pb_post::before {||        top: 165.2px; \/* M\u00f3dos\u00edtott poz\u00edci\u00f3 mobil n\u00e9zetben *\/||    }||}||||&#8221; border_width_all=&#8221;0px&#8221; global_colors_info=&#8221;{}&#8221; custom_css_post_meta__hover_enabled=&#8221;off|desktop&#8221; sticky_enabled=&#8221;0&#8243;][\/et_pb_blog][\/et_pb_column][\/et_pb_row][\/et_pb_section]<\/p>\n","protected":false},"excerpt":{"rendered":"","protected":false},"author":3,"featured_media":0,"parent":0,"menu_order":0,"comment_status":"closed","ping_status":"closed","template":"","meta":{"_et_pb_use_builder":"on","_et_pb_old_content":"","_et_gb_content_width":"","footnotes":""},"class_list":["post-276888","page","type-page","status-publish","hentry"],"_links":{"self":[{"href":"https:\/\/brandocs.hu\/home\/wp-json\/wp\/v2\/pages\/276888","targetHints":{"allow":["GET"]}}],"collection":[{"href":"https:\/\/brandocs.hu\/home\/wp-json\/wp\/v2\/pages"}],"about":[{"href":"https:\/\/brandocs.hu\/home\/wp-json\/wp\/v2\/types\/page"}],"author":[{"embeddable":true,"href":"https:\/\/brandocs.hu\/home\/wp-json\/wp\/v2\/users\/3"}],"replies":[{"embeddable":true,"href":"https:\/\/brandocs.hu\/home\/wp-json\/wp\/v2\/comments?post=276888"}],"version-history":[{"count":8,"href":"https:\/\/brandocs.hu\/home\/wp-json\/wp\/v2\/pages\/276888\/revisions"}],"predecessor-version":[{"id":277184,"href":"https:\/\/brandocs.hu\/home\/wp-json\/wp\/v2\/pages\/276888\/revisions\/277184"}],"wp:attachment":[{"href":"https:\/\/brandocs.hu\/home\/wp-json\/wp\/v2\/media?parent=276888"}],"curies":[{"name":"wp","href":"https:\/\/api.w.org\/{rel}","templated":true}]}}