{"id":275655,"date":"2024-02-25T18:35:54","date_gmt":"2024-02-25T17:35:54","guid":{"rendered":"https:\/\/brandocs.hu\/home\/?page_id=275655"},"modified":"2025-10-14T10:52:57","modified_gmt":"2025-10-14T08:52:57","slug":"kapcsolat","status":"publish","type":"page","link":"https:\/\/brandocs.hu\/home\/kapcsolat\/","title":{"rendered":"Kapcsolat"},"content":{"rendered":"<p>[et_pb_section fb_built=&#8221;1&#8243; _builder_version=&#8221;4.24.2&#8243; _module_preset=&#8221;default&#8221; module_alignment=&#8221;center&#8221; da_disable_devices=&#8221;off|off|off&#8221; locked=&#8221;off&#8221; global_colors_info=&#8221;{}&#8221; da_is_popup=&#8221;off&#8221; da_exit_intent=&#8221;off&#8221; da_has_close=&#8221;on&#8221; da_alt_close=&#8221;off&#8221; da_dark_close=&#8221;off&#8221; da_not_modal=&#8221;on&#8221; da_is_singular=&#8221;off&#8221; da_with_loader=&#8221;off&#8221; da_has_shadow=&#8221;on&#8221;][et_pb_row disabled_on=&#8221;on|on|on&#8221; _builder_version=&#8221;4.27.4&#8243; _module_preset=&#8221;default&#8221; custom_margin=&#8221;||||false|false&#8221; custom_padding=&#8221;0px||||false|false&#8221; disabled=&#8221;on&#8221; global_colors_info=&#8221;{}&#8221;][et_pb_column type=&#8221;4_4&#8243; _builder_version=&#8221;4.27.4&#8243; _module_preset=&#8221;default&#8221; global_colors_info=&#8221;{}&#8221;][et_pb_text _builder_version=&#8221;4.27.4&#8243; _module_preset=&#8221;default&#8221; text_font=&#8221;Inter|700|||||||&#8221; text_font_size=&#8221;34px&#8221; header_font=&#8221;Inter|700|||||||&#8221; header_text_color=&#8221;#000000&#8243; header_font_size=&#8221;34px&#8221; header_line_height=&#8221;1.2em&#8221; header_2_font=&#8221;Inter|300|||||||&#8221; header_2_font_size=&#8221;20px&#8221; header_2_line_height=&#8221;28px&#8221; header_4_font=&#8221;Inter|300|||||||&#8221; header_4_font_size=&#8221;17px&#8221; header_4_line_height=&#8221;26px&#8221; background_color=&#8221;#fff3cd&#8221; max_width_tablet=&#8221;450px&#8221; max_width_phone=&#8221;450px&#8221; max_width_last_edited=&#8221;on|desktop&#8221; custom_margin=&#8221;||||false|false&#8221; custom_margin_tablet=&#8221;0px|||0px|false|false&#8221; custom_margin_phone=&#8221;||||false|false&#8221; custom_margin_last_edited=&#8221;on|tablet&#8221; custom_padding=&#8221;10px|20px||20px|false|false&#8221; header_font_size_tablet=&#8221;34px&#8221; header_font_size_phone=&#8221;27px&#8221; header_font_size_last_edited=&#8221;on|phone&#8221; global_colors_info=&#8221;{}&#8221;]<\/p>\n<h4><strong>\u26a0\ufe0f Fontos t\u00e1j\u00e9koztat\u00e1s:<\/strong> Technikai hiba miatt el\u0151fordulhat, hogy az elm\u00falt napokban n\u00e9h\u00e1ny jelentkez\u00e9s nem \u00e9rkezett meg hozz\u00e1nk. Ha nem kapt\u00e1l visszajelz\u00e9st 1 napon bel\u00fcl, k\u00e9rj\u00fck, k\u00fcldd el \u00fajra, vagy \u00edrj nek\u00fcnk: <span style=\"text-decoration: underline;\"><a href=\"mailto:info@brandocs.hu\">info@brandocs.hu<\/a><\/span><\/h4>\n<p>[\/et_pb_text][\/et_pb_column][\/et_pb_row][et_pb_row column_structure=&#8221;1_2,1_2&#8243; _builder_version=&#8221;4.27.4&#8243; _module_preset=&#8221;default&#8221; width_tablet=&#8221;&#8221; width_phone=&#8221;&#8221; width_last_edited=&#8221;on|phone&#8221; max_width_tablet=&#8221;&#8221; max_width_phone=&#8221;&#8221; max_width_last_edited=&#8221;on|tablet&#8221; custom_margin=&#8221;||||false|false&#8221; custom_margin_tablet=&#8221;||||false|false&#8221; custom_margin_phone=&#8221;-30px||||false|false&#8221; custom_margin_last_edited=&#8221;on|desktop&#8221; global_colors_info=&#8221;{}&#8221;][et_pb_column type=&#8221;1_2&#8243; _builder_version=&#8221;4.24.2&#8243; _module_preset=&#8221;default&#8221; global_colors_info=&#8221;{}&#8221;][et_pb_text _builder_version=&#8221;4.27.4&#8243; _module_preset=&#8221;default&#8221; text_font=&#8221;Inter|700|||||||&#8221; text_font_size=&#8221;34px&#8221; header_font=&#8221;Inter|700|||||||&#8221; header_text_color=&#8221;#000000&#8243; header_font_size=&#8221;34px&#8221; header_line_height=&#8221;1.2em&#8221; header_2_font=&#8221;Inter|300|||||||&#8221; header_2_font_size=&#8221;20px&#8221; header_2_line_height=&#8221;28px&#8221; header_4_font=&#8221;Inter|300|||||||&#8221; header_4_font_size=&#8221;17px&#8221; header_4_line_height=&#8221;26px&#8221; max_width=&#8221;450px&#8221; max_width_tablet=&#8221;450px&#8221; max_width_phone=&#8221;450px&#8221; max_width_last_edited=&#8221;on|desktop&#8221; custom_margin=&#8221;||||false|false&#8221; custom_margin_tablet=&#8221;0px|||0px|false|false&#8221; custom_margin_phone=&#8221;||||false|false&#8221; custom_margin_last_edited=&#8221;on|tablet&#8221; header_font_size_tablet=&#8221;34px&#8221; header_font_size_phone=&#8221;27px&#8221; header_font_size_last_edited=&#8221;on|phone&#8221; locked=&#8221;off&#8221; global_colors_info=&#8221;{}&#8221;]<\/p>\n<h1><span class=\"highlight-green\">\u00c9rdekel<\/span> a Brandocs<\/h1>\n<h4><strong>\ud83d\udd14 K\u00e9rdezn\u00e9l vagy m\u00e1r \u00edrt\u00e1l nek\u00fcnk?<\/strong><br \/>Ha m\u00e1r kor\u00e1bban \u00e9rdekl\u0151dt\u00e9l, de nem kapt\u00e1l v\u00e1laszt, \u00edrj b\u00e1tran \u00fajra! Mostant\u00f3l biztosan megkapjuk az \u00fczeneted, \u00e9s <strong>24 \u00f3r\u00e1n bel\u00fcl v\u00e1laszolunk<\/strong>.<\/h4>\n<p>[\/et_pb_text][et_pb_text disabled_on=&#8221;on|on|on&#8221; _builder_version=&#8221;4.27.4&#8243; _module_preset=&#8221;default&#8221; text_font=&#8221;Inter|700|||||||&#8221; text_font_size=&#8221;34px&#8221; header_font=&#8221;Inter|700|||||||&#8221; header_text_color=&#8221;#000000&#8243; header_font_size=&#8221;34px&#8221; header_line_height=&#8221;1.2em&#8221; header_2_font=&#8221;Inter|300|||||||&#8221; header_2_font_size=&#8221;20px&#8221; header_2_line_height=&#8221;28px&#8221; header_4_font=&#8221;Inter|300|||||||&#8221; header_4_font_size=&#8221;17px&#8221; header_4_line_height=&#8221;26px&#8221; max_width=&#8221;450px&#8221; max_width_tablet=&#8221;450px&#8221; max_width_phone=&#8221;450px&#8221; max_width_last_edited=&#8221;on|desktop&#8221; custom_margin=&#8221;||||false|false&#8221; custom_margin_tablet=&#8221;0px|||0px|false|false&#8221; custom_margin_phone=&#8221;||||false|false&#8221; custom_margin_last_edited=&#8221;on|tablet&#8221; header_font_size_tablet=&#8221;34px&#8221; header_font_size_phone=&#8221;27px&#8221; header_font_size_last_edited=&#8221;on|phone&#8221; disabled=&#8221;on&#8221; locked=&#8221;off&#8221; global_colors_info=&#8221;{}&#8221;]<\/p>\n<h1><span class=\"highlight-green\">\u00c9rdekel<\/span> a Brandocs<\/h1>\n<h4>\u00cdrj nek\u00fcnk, \u00e9s 24 \u00f3r\u00e1n bel\u00fcl felvessz\u00fck Veled a kapcsolatot. Munkat\u00e1rsunk elmondja, hogyan lehet Neked is t\u00f6bb elfogadott aj\u00e1nlatod \u00e9s hat\u00e9konyabb \u00e9rt\u00e9kes\u00edt\u00e9sed.<\/h4>\n<p>[\/et_pb_text][et_pb_text _builder_version=&#8221;4.25.0&#8243; _module_preset=&#8221;default&#8221; text_font=&#8221;Inter|700|||||||&#8221; text_font_size=&#8221;34px&#8221; header_font=&#8221;Inter|700|||||||&#8221; header_text_color=&#8221;#000000&#8243; header_font_size=&#8221;34px&#8221; header_line_height=&#8221;1.2em&#8221; header_2_font=&#8221;Inter|300|||||||&#8221; header_2_font_size=&#8221;20px&#8221; header_2_line_height=&#8221;28px&#8221; header_4_font=&#8221;Inter|600|||||||&#8221; header_4_font_size=&#8221;17px&#8221; header_4_line_height=&#8221;26px&#8221; max_width=&#8221;450px&#8221; max_width_tablet=&#8221;450px&#8221; max_width_phone=&#8221;450px&#8221; max_width_last_edited=&#8221;on|phone&#8221; custom_margin=&#8221;||0px||false|false&#8221; custom_margin_tablet=&#8221;||||false|false&#8221; custom_margin_phone=&#8221;||||false|false&#8221; custom_margin_last_edited=&#8221;on|desktop&#8221; header_font_size_tablet=&#8221;34px&#8221; header_font_size_phone=&#8221;27px&#8221; header_font_size_last_edited=&#8221;on|phone&#8221; global_colors_info=&#8221;{}&#8221;]<\/p>\n<h4>Brandocs Solutions Kft.<\/h4>\n<p>[\/et_pb_text][dsm_icon_list icon_gap_width=&#8221;1.5em&#8221; icon_padding=&#8221;4px&#8221; icon_font_size=&#8221;18px&#8221; list_vertical_alignment=&#8221;flex-start&#8221; _builder_version=&#8221;4.27.4&#8243; _module_preset=&#8221;default&#8221; text_font=&#8221;Inter|300|||||||&#8221; custom_margin=&#8221;||||false|false&#8221; custom_margin_tablet=&#8221;||||false|false&#8221; custom_margin_phone=&#8221;||||false|false&#8221; custom_margin_last_edited=&#8221;on|phone&#8221; locked=&#8221;off&#8221; global_colors_info=&#8221;{}&#8221;][dsm_icon_list_child text=&#8221;C\u00edm: 2030 \u00c9rd, Moha u. 4.&#8221; font_icon=&#8221;&#xf3c5;||fa||900&#8243; _builder_version=&#8221;4.27.4&#8243; _module_preset=&#8221;default&#8221; global_colors_info=&#8221;{}&#8221;][\/dsm_icon_list_child][dsm_icon_list_child text=&#8221;Telefon: +36 30 494 8438&#8243; font_icon=&#8221;&#xe090;||divi||400&#8243; _builder_version=&#8221;4.27.4&#8243; _module_preset=&#8221;default&#8221; custom_margin=&#8221;||||false|false&#8221; global_colors_info=&#8221;{}&#8221;][\/dsm_icon_list_child][dsm_icon_list_child text=&#8221;Ad\u00f3sz\u00e1m: 32203374-2-13&#8243; font_icon=&#8221;&#xf0b1;||fa||900&#8243; _builder_version=&#8221;4.27.4&#8243; _module_preset=&#8221;default&#8221; global_colors_info=&#8221;{}&#8221;][\/dsm_icon_list_child][dsm_icon_list_child text=&#8221;C\u00e9gjegyz\u00e9ksz\u00e1m: 13-09-225397&#8243; font_icon=&#8221;&#xf07c;||fa||900&#8243; _builder_version=&#8221;4.27.4&#8243; _module_preset=&#8221;default&#8221; global_colors_info=&#8221;{}&#8221;][\/dsm_icon_list_child][\/dsm_icon_list][\/et_pb_column][et_pb_column type=&#8221;1_2&#8243; _builder_version=&#8221;4.24.2&#8243; _module_preset=&#8221;default&#8221; global_colors_info=&#8221;{}&#8221;][et_pb_contact_form use_spam_service=&#8221;on&#8221; recaptcha_list=&#8221;brandocs|brandocs-0&#8243; email=&#8221;info@brandocs.hu&#8221; title=&#8221;Miben seg\u00edthet\u00fcnk?&#8221; use_redirect=&#8221;on&#8221; redirect_url=&#8221;\/home\/erdeklodes-visszaigazolas&#8221; success_message=&#8221;Sikeres \u00fczenetk\u00fcld\u00e9s&#8221; disabled_on=&#8221;on|on|on&#8221; _builder_version=&#8221;4.27.4&#8243; _module_preset=&#8221;default&#8221; _unique_id=&#8221;df7f06da-01d5-41b4-a7e6-4801e82c506b&#8221; form_field_text_color=&#8221;#000000&#8243; title_font=&#8221;Inter||||||||&#8221; title_text_color=&#8221;#000000&#8243; captcha_text_color=&#8221;#000000&#8243; form_field_font=&#8221;Inter|300|||||||&#8221; form_field_font_size=&#8221;16px&#8221; custom_button=&#8221;on&#8221; button_text_size=&#8221;17px&#8221; button_text_color=&#8221;#FFFFFF&#8221; button_bg_color=&#8221;#e4032e&#8221; button_border_color=&#8221;#e4032e&#8221; button_border_radius=&#8221;16px&#8221; button_font=&#8221;Inter|600|||||||&#8221; button_icon_color=&#8221;#FFFFFF&#8221; button_custom_margin=&#8221;10px||||false|false&#8221; button_custom_padding=&#8221;7px|30px|7px|30px|false|false&#8221; button_custom_padding_tablet=&#8221;7px|30px|7px|30px|false|false&#8221; button_custom_padding_phone=&#8221;|125px||125px|false|true&#8221; button_custom_padding_last_edited=&#8221;on|phone&#8221; custom_margin_tablet=&#8221;30px||||false|false&#8221; custom_margin_phone=&#8221;30px||||false|false&#8221; custom_margin_last_edited=&#8221;on|phone&#8221; hover_enabled=&#8221;0&#8243; custom_css_free_form=&#8221;.et_pb_contact_field_options_wrapper .et_pb_contact_field_options_title {||  \tcolor: black;\t||}&#8221; global_colors_info=&#8221;{}&#8221; disabled=&#8221;on&#8221; sticky_enabled=&#8221;0&#8243;][et_pb_contact_field field_id=&#8221;Nev&#8221; field_title=&#8221;N\u00e9v&#8221; _builder_version=&#8221;4.25.0&#8243; global_colors_info=&#8221;{}&#8221; button_text_size__hover_enabled=&#8221;off&#8221; button_one_text_size__hover_enabled=&#8221;off&#8221; button_two_text_size__hover_enabled=&#8221;off&#8221; button_text_color__hover_enabled=&#8221;off&#8221; button_one_text_color__hover_enabled=&#8221;off&#8221; button_two_text_color__hover_enabled=&#8221;off&#8221; button_border_width__hover_enabled=&#8221;off&#8221; button_one_border_width__hover_enabled=&#8221;off&#8221; button_two_border_width__hover_enabled=&#8221;off&#8221; button_border_color__hover_enabled=&#8221;off&#8221; button_one_border_color__hover_enabled=&#8221;off&#8221; button_two_border_color__hover_enabled=&#8221;off&#8221; button_border_radius__hover_enabled=&#8221;off&#8221; button_one_border_radius__hover_enabled=&#8221;off&#8221; button_two_border_radius__hover_enabled=&#8221;off&#8221; button_letter_spacing__hover_enabled=&#8221;off&#8221; button_one_letter_spacing__hover_enabled=&#8221;off&#8221; button_two_letter_spacing__hover_enabled=&#8221;off&#8221; button_bg_color__hover_enabled=&#8221;off&#8221; button_one_bg_color__hover_enabled=&#8221;off&#8221; button_two_bg_color__hover_enabled=&#8221;off&#8221;][\/et_pb_contact_field][et_pb_contact_field field_id=&#8221;Cegnev&#8221; field_title=&#8221;C\u00e9gn\u00e9v&#8221; _builder_version=&#8221;4.25.0&#8243; _module_preset=&#8221;default&#8221; global_colors_info=&#8221;{}&#8221;][\/et_pb_contact_field][et_pb_contact_field field_id=&#8221;Email&#8221; field_title=&#8221;E-mail&#8221; field_type=&#8221;email&#8221; _builder_version=&#8221;4.24.2&#8243; global_colors_info=&#8221;{}&#8221; button_text_size__hover_enabled=&#8221;off&#8221; button_one_text_size__hover_enabled=&#8221;off&#8221; button_two_text_size__hover_enabled=&#8221;off&#8221; button_text_color__hover_enabled=&#8221;off&#8221; button_one_text_color__hover_enabled=&#8221;off&#8221; button_two_text_color__hover_enabled=&#8221;off&#8221; button_border_width__hover_enabled=&#8221;off&#8221; button_one_border_width__hover_enabled=&#8221;off&#8221; button_two_border_width__hover_enabled=&#8221;off&#8221; button_border_color__hover_enabled=&#8221;off&#8221; button_one_border_color__hover_enabled=&#8221;off&#8221; button_two_border_color__hover_enabled=&#8221;off&#8221; button_border_radius__hover_enabled=&#8221;off&#8221; button_one_border_radius__hover_enabled=&#8221;off&#8221; button_two_border_radius__hover_enabled=&#8221;off&#8221; button_letter_spacing__hover_enabled=&#8221;off&#8221; button_one_letter_spacing__hover_enabled=&#8221;off&#8221; button_two_letter_spacing__hover_enabled=&#8221;off&#8221; button_bg_color__hover_enabled=&#8221;off&#8221; button_one_bg_color__hover_enabled=&#8221;off&#8221; button_two_bg_color__hover_enabled=&#8221;off&#8221;][\/et_pb_contact_field][et_pb_contact_field field_id=&#8221;Telefon&#8221; field_title=&#8221;Telefon&#8221; _builder_version=&#8221;4.24.2&#8243; _module_preset=&#8221;default&#8221; global_colors_info=&#8221;{}&#8221;][\/et_pb_contact_field][et_pb_contact_field field_id=&#8221;Uzenet&#8221; field_title=&#8221;\u00dczenet&#8221; field_type=&#8221;text&#8221; fullwidth_field=&#8221;on&#8221; _builder_version=&#8221;4.24.2&#8243; _module_preset=&#8221;default&#8221; custom_css_free_form=&#8221;\/* Alap\u00e9rtelmezett min-height \u00e9rt\u00e9k *\/||.et_pb_contact_field textarea.et_pb_contact_message {||    min-height: 100px;||}||||\/* Media query az asztali n\u00e9zetekhez *\/||@media only screen and (min-width: 768px) {||    .et_pb_contact_field textarea.et_pb_contact_message {||        min-height: 50px; \/* Itt a k\u00edv\u00e1nt \u00e9rt\u00e9ket helyettes\u00edtsd be *\/||    }||}&#8221; global_colors_info=&#8221;{}&#8221;][\/et_pb_contact_field][et_pb_contact_field field_id=&#8221;Adatkezelesi&#8221; field_title=&#8221;Adatkezel\u00e9si t\u00e1j\u00e9koztat\u00f3&#8221; field_type=&#8221;checkbox&#8221; checkbox_options=&#8221;%91{%22value%22:%22Elolvastam \u00e9s egyet\u00e9rtek az %22,%22checked%22:0,%22dragID%22:-1,%22link_text%22:%22adatkezel\u00e9si t\u00e1j\u00e9koztat\u00f3val%22,%22link_url%22:%22\/home\/adatkezelesi-tajekoztato%22}%93&#8243; fullwidth_field=&#8221;on&#8221; _builder_version=&#8221;4.25.0&#8243; _module_preset=&#8221;default&#8221; global_colors_info=&#8221;{}&#8221;][\/et_pb_contact_field][\/et_pb_contact_form][et_pb_text disabled_on=&#8221;off|off|off&#8221; _builder_version=&#8221;4.27.4&#8243; _module_preset=&#8221;default&#8221; custom_margin=&#8221;||10px||false|false&#8221; custom_margin_tablet=&#8221;||10px||false|false&#8221; custom_margin_phone=&#8221;30px||||false|false&#8221; custom_margin_last_edited=&#8221;on|phone&#8221; custom_padding=&#8221;||||false|false&#8221; hover_enabled=&#8221;0&#8243; global_colors_info=&#8221;{}&#8221; sticky_enabled=&#8221;0&#8243;]<\/p>\n<h2>Miben seg\u00edthet\u00fcnk?<\/h2>\n<p>[\/et_pb_text][et_pb_code disabled_on=&#8221;off|off|off&#8221; _builder_version=&#8221;4.27.4&#8243; _module_preset=&#8221;default&#8221; hover_enabled=&#8221;0&#8243; global_colors_info=&#8221;{}&#8221; sticky_enabled=&#8221;0&#8243;]<div class=\"forminator-ui forminator-custom-form forminator-custom-form-276956 forminator-design--default  forminator_ajax\" data-forminator-render=\"0\" data-form=\"forminator-module-276956\" data-uid=\"69e26eb7d168a\"><br\/><\/div><form\n\t\t\t\tid=\"forminator-module-276956\"\n\t\t\t\tclass=\"forminator-ui forminator-custom-form forminator-custom-form-276956 forminator-design--default  forminator_ajax\"\n\t\t\t\tmethod=\"post\"\n\t\t\t\tdata-forminator-render=\"0\"\n\t\t\t\tdata-form-id=\"276956\"\n\t\t\t\t\n\t\t\t\tdata-design=\"default\"\n\t\t\t\tdata-color-option=\"theme\"\n\t\t\t\t\n\t\t\t\t\n\t\t\t\t\n\t\t\t\tdata-grid=\"open\"\n\t\t\t\t\n\t\t\t\t\n\t\t\t\tstyle=\"display: none;\"\n\t\t\t\t\n\t\t\t\tdata-uid=\"69e26eb7d168a\"\n\t\t\t><div role=\"alert\" aria-live=\"polite\" class=\"forminator-response-message forminator-error\" aria-hidden=\"true\"><\/div><div class=\"forminator-row\"><div id=\"name-1\" class=\"forminator-field-name forminator-col forminator-col-6 \"><div class=\"forminator-field\"><label for=\"forminator-field-name-1_69e26eb7d168a\" id=\"forminator-field-name-1_69e26eb7d168a-label\" class=\"forminator-label\">N\u00e9v <span class=\"forminator-required\">*<\/span><\/label><input type=\"text\" name=\"name-1\" value=\"\" placeholder=\"\" id=\"forminator-field-name-1_69e26eb7d168a\" class=\"forminator-input forminator-name--field\" aria-required=\"true\" \/><\/div><\/div><div id=\"text-1\" class=\"forminator-field-text forminator-col forminator-col-6 \"><div class=\"forminator-field\"><label for=\"forminator-field-text-1_69e26eb7d168a\" id=\"forminator-field-text-1_69e26eb7d168a-label\" class=\"forminator-label\">C\u00e9gn\u00e9v <span class=\"forminator-required\">*<\/span><\/label><input type=\"text\" name=\"text-1\" value=\"\" placeholder=\"\" id=\"forminator-field-text-1_69e26eb7d168a\" class=\"forminator-input forminator-name--field\" data-required=\"1\" \/><\/div><\/div><\/div><div class=\"forminator-row\"><div id=\"email-1\" class=\"forminator-field-email forminator-col forminator-col-6 \"><div class=\"forminator-field\"><label for=\"forminator-field-email-1_69e26eb7d168a\" id=\"forminator-field-email-1_69e26eb7d168a-label\" class=\"forminator-label\">E-mail <span class=\"forminator-required\">*<\/span><\/label><input type=\"email\" name=\"email-1\" value=\"\" placeholder=\"\" id=\"forminator-field-email-1_69e26eb7d168a\" class=\"forminator-input forminator-email--field\" data-required=\"true\" aria-required=\"true\" \/><\/div><\/div><div id=\"phone-1\" class=\"forminator-field-phone forminator-col forminator-col-6 \"><div class=\"forminator-field\"><label for=\"forminator-field-phone-1_69e26eb7d168a\" id=\"forminator-field-phone-1_69e26eb7d168a-label\" class=\"forminator-label\">Telefon <span class=\"forminator-required\">*<\/span><\/label><input type=\"text\" name=\"phone-1\" value=\"\" placeholder=\"\" id=\"forminator-field-phone-1_69e26eb7d168a\" class=\"forminator-input forminator-field--phone\" data-required=\"1\" aria-required=\"true\" autocomplete=\"off\" \/><\/div><\/div><\/div><div class=\"forminator-row\"><div id=\"textarea-1\" class=\"forminator-field-textarea forminator-col forminator-col-12 \"><div class=\"forminator-field\"><label for=\"forminator-field-textarea-1_69e26eb7d168a\" id=\"forminator-field-textarea-1_69e26eb7d168a-label\" class=\"forminator-label\">\u00dczenet<\/label><span id=\"forminator-field-textarea-1_69e26eb7d168a-description\" class=\"forminator-description\"><span data-limit=\"180\" data-type=\"characters\" data-editor=\"\">0 \/ 180<\/span><\/span><textarea name=\"textarea-1\" placeholder=\"K\u00e9rem \u00edrja meg, miben seg\u00edthet\u00fcnk...\" id=\"forminator-field-textarea-1_69e26eb7d168a\" class=\"forminator-textarea\" rows=\"6\" style=\"min-height:140px;\" maxlength=\"180\" ><\/textarea><\/div><\/div><\/div><input type=\"hidden\" name=\"referer_url\" value=\"\" \/><div class=\"forminator-row forminator-row-last\"><div class=\"forminator-col\"><div class=\"forminator-field\"><button class=\"forminator-button forminator-button-submit\">K&uuml;ld&eacute;s<\/button><\/div><\/div><\/div><input type=\"hidden\" id=\"forminator_nonce\" name=\"forminator_nonce\" value=\"1edd31866b\" \/><input type=\"hidden\" name=\"_wp_http_referer\" value=\"\/home\/wp-json\/wp\/v2\/pages\/275655\" \/><input type=\"hidden\" name=\"form_id\" value=\"276956\"><input type=\"hidden\" name=\"page_id\" value=\"275655\"><input type=\"hidden\" name=\"form_type\" value=\"default\"><input type=\"hidden\" name=\"current_url\" value=\"https:\/\/brandocs.hu\/home\/kapcsolat\/\"><input type=\"hidden\" name=\"render_id\" value=\"0\"><input type=\"hidden\" name=\"action\" value=\"forminator_submit_form_custom-forms\"><\/form>[\/et_pb_code][\/et_pb_column][\/et_pb_row][\/et_pb_section][et_pb_section fb_built=&#8221;1&#8243; disabled_on=&#8221;on|on|on&#8221; module_id=&#8221;feliratkozo-popup&#8221; _builder_version=&#8221;4.27.4&#8243; _module_preset=&#8221;default&#8221; width=&#8221;600px&#8221; custom_margin=&#8221;0px||0px||true|false&#8221; custom_padding=&#8221;0px||0px||true|false&#8221; da_popup_slug=&#8221;feliratkozo-popup&#8221; da_is_singular=&#8221;on&#8221; da_exit_intent=&#8221;on&#8221; da_with_loader=&#8221;on&#8221; da_disable_devices=&#8221;on|on|on&#8221; disabled=&#8221;on&#8221; global_colors_info=&#8221;{}&#8221; da_is_popup=&#8221;off&#8221; da_has_close=&#8221;on&#8221; da_alt_close=&#8221;off&#8221; da_dark_close=&#8221;off&#8221; da_not_modal=&#8221;on&#8221; da_has_shadow=&#8221;on&#8221;][et_pb_row _builder_version=&#8221;4.25.0&#8243; _module_preset=&#8221;default&#8221; background_color=&#8221;#FFFFFF&#8221; width=&#8221;600px&#8221; width_tablet=&#8221;&#8221; width_phone=&#8221;&#8221; width_last_edited=&#8221;on|desktop&#8221; module_alignment=&#8221;center&#8221; custom_margin=&#8221;||||false|false&#8221; custom_padding=&#8221;30px|30px|30px|30px|true|true&#8221; global_colors_info=&#8221;{}&#8221;][et_pb_column type=&#8221;4_4&#8243; _builder_version=&#8221;4.25.0&#8243; _module_preset=&#8221;default&#8221; global_colors_info=&#8221;{}&#8221;][et_pb_signup mailchimp_list=&#8221;brandocs-solutions|2ba5256000&#8243; layout=&#8221;top_bottom&#8221; first_name_fullwidth=&#8221;off&#8221; last_name_fullwidth=&#8221;off&#8221; success_message=&#8221;Sikeresen feliratkozt\u00e1l! \ud83c\udf1f&#8221; title=&#8221;Miel\u0151tt bez\u00e1rn\u00e1d \ud83e\uddd0&#8221; description=&#8221;<\/p>\n<p><span>Ne maradj le h\u00edreinkr\u0151l, \u00faj fejleszt\u00e9seinkr\u0151l, szakmai tippeinkr\u0151l. Iratkozz fel h\u00edrlevel\u00fcnkre, hogy els\u0151k\u00e9nt \u00e9rtes\u00fclj a hat\u00e9konyabb \u00e9rt\u00e9kes\u00edt\u00e9s megold\u00e1sair\u00f3l.<\/span><\/p>\n<p>&#8221; use_spam_service=&#8221;on&#8221; recaptcha_list=&#8221;brandocs|brandocs-0&#8243; _builder_version=&#8221;4.25.0&#8243; _module_preset=&#8221;default&#8221; form_field_background_color=&#8221;#ebebeb&#8221; form_field_custom_padding=&#8221;|20px||20px|false|true&#8221; header_level=&#8221;h4&#8243; header_font=&#8221;Inter|700|||||||&#8221; header_text_color=&#8221;#000000&#8243; header_font_size=&#8221;26px&#8221; body_font=&#8221;Inter|300|||||||&#8221; body_text_color=&#8221;#000000&#8243; body_line_height=&#8221;26px&#8221; result_message_font=&#8221;Inter||||||||&#8221; form_field_font=&#8221;Inter||||||||&#8221; form_field_font_size=&#8221;17px&#8221; background_color=&#8221;#FFFFFF&#8221; custom_button=&#8221;on&#8221; button_text_size=&#8221;17px&#8221; button_text_color=&#8221;#FFFFFF&#8221; button_bg_color=&#8221;#e4032e&#8221; button_border_radius=&#8221;16px&#8221; button_font=&#8221;Inter|600|||||||&#8221; button_custom_margin=&#8221;10px||||false|false&#8221; button_custom_padding=&#8221;10px|30px|10px|30px|true|true&#8221; background_layout=&#8221;light&#8221; locked=&#8221;off&#8221; global_colors_info=&#8221;{}&#8221;][\/et_pb_signup][\/et_pb_column][\/et_pb_row][\/et_pb_section]<\/p>\n","protected":false},"excerpt":{"rendered":"<p>\u26a0\ufe0f Fontos t\u00e1j\u00e9koztat\u00e1s: Technikai hiba miatt el\u0151fordulhat, hogy az elm\u00falt napokban n\u00e9h\u00e1ny jelentkez\u00e9s nem \u00e9rkezett meg hozz\u00e1nk. Ha nem kapt\u00e1l visszajelz\u00e9st 1 napon bel\u00fcl, k\u00e9rj\u00fck, k\u00fcldd el \u00fajra, vagy \u00edrj nek\u00fcnk: info@brandocs.hu\u00c9rdekel a Brandocs \ud83d\udd14 K\u00e9rdezn\u00e9l vagy m\u00e1r \u00edrt\u00e1l nek\u00fcnk?Ha m\u00e1r kor\u00e1bban \u00e9rdekl\u0151dt\u00e9l, de nem kapt\u00e1l v\u00e1laszt, \u00edrj b\u00e1tran \u00fajra! Mostant\u00f3l biztosan megkapjuk az \u00fczeneted, [&hellip;]<\/p>\n","protected":false},"author":3,"featured_media":0,"parent":0,"menu_order":0,"comment_status":"closed","ping_status":"closed","template":"","meta":{"_et_pb_use_builder":"on","_et_pb_old_content":"","_et_gb_content_width":"","footnotes":""},"class_list":["post-275655","page","type-page","status-publish","hentry"],"_links":{"self":[{"href":"https:\/\/brandocs.hu\/home\/wp-json\/wp\/v2\/pages\/275655","targetHints":{"allow":["GET"]}}],"collection":[{"href":"https:\/\/brandocs.hu\/home\/wp-json\/wp\/v2\/pages"}],"about":[{"href":"https:\/\/brandocs.hu\/home\/wp-json\/wp\/v2\/types\/page"}],"author":[{"embeddable":true,"href":"https:\/\/brandocs.hu\/home\/wp-json\/wp\/v2\/users\/3"}],"replies":[{"embeddable":true,"href":"https:\/\/brandocs.hu\/home\/wp-json\/wp\/v2\/comments?post=275655"}],"version-history":[{"count":87,"href":"https:\/\/brandocs.hu\/home\/wp-json\/wp\/v2\/pages\/275655\/revisions"}],"predecessor-version":[{"id":277062,"href":"https:\/\/brandocs.hu\/home\/wp-json\/wp\/v2\/pages\/275655\/revisions\/277062"}],"wp:attachment":[{"href":"https:\/\/brandocs.hu\/home\/wp-json\/wp\/v2\/media?parent=275655"}],"curies":[{"name":"wp","href":"https:\/\/api.w.org\/{rel}","templated":true}]}}