{"id":275610,"date":"2024-02-23T05:48:35","date_gmt":"2024-02-23T04:48:35","guid":{"rendered":"https:\/\/brandocs.hu\/home\/?page_id=275610"},"modified":"2025-12-06T13:43:07","modified_gmt":"2025-12-06T12:43:07","slug":"jelentkezem-bemutatora","status":"publish","type":"page","link":"https:\/\/brandocs.hu\/home\/jelentkezem-bemutatora\/","title":{"rendered":"Jelentkezem bemutat\u00f3ra"},"content":{"rendered":"<p>[et_pb_section fb_built=&#8221;1&#8243; _builder_version=&#8221;4.24.2&#8243; _module_preset=&#8221;default&#8221; module_alignment=&#8221;center&#8221; da_disable_devices=&#8221;off|off|off&#8221; global_colors_info=&#8221;{}&#8221; da_is_popup=&#8221;off&#8221; da_exit_intent=&#8221;off&#8221; da_has_close=&#8221;on&#8221; da_alt_close=&#8221;off&#8221; da_dark_close=&#8221;off&#8221; da_not_modal=&#8221;on&#8221; da_is_singular=&#8221;off&#8221; da_with_loader=&#8221;off&#8221; da_has_shadow=&#8221;on&#8221;][et_pb_row _builder_version=&#8221;4.27.4&#8243; _module_preset=&#8221;default&#8221; width_tablet=&#8221;&#8221; width_phone=&#8221;90%&#8221; width_last_edited=&#8221;on|phone&#8221; module_alignment=&#8221;center&#8221; custom_margin_tablet=&#8221;&#8221; custom_margin_phone=&#8221;0px||||false|false&#8221; custom_margin_last_edited=&#8221;on|phone&#8221; custom_padding=&#8221;0px||||false|false&#8221; module_alignment_tablet=&#8221;center&#8221; module_alignment_phone=&#8221;center&#8221; module_alignment_last_edited=&#8221;on|phone&#8221; global_colors_info=&#8221;{}&#8221; locked=&#8221;off&#8221;][et_pb_column type=&#8221;4_4&#8243; _builder_version=&#8221;4.27.4&#8243; _module_preset=&#8221;default&#8221; global_colors_info=&#8221;{}&#8221;][et_pb_code _builder_version=&#8221;4.27.4&#8243; _module_preset=&#8221;default&#8221; global_colors_info=&#8221;{}&#8221;]<\/p>\n<div class=\"tidycal-embed\" data-path=\"brandocssolutions\/ingyenes-online-bemutato\"><\/div>\n<p><script src=\"https:\/\/asset-tidycal.b-cdn.net\/js\/embed.js\" async><\/script>[\/et_pb_code][\/et_pb_column][\/et_pb_row][et_pb_row disabled_on=&#8221;on|on|on&#8221; _builder_version=&#8221;4.27.4&#8243; _module_preset=&#8221;default&#8221; custom_margin=&#8221;||||false|false&#8221; custom_padding=&#8221;0px||||false|false&#8221; disabled=&#8221;on&#8221; locked=&#8221;off&#8221; global_colors_info=&#8221;{}&#8221;][et_pb_column type=&#8221;4_4&#8243; _builder_version=&#8221;4.27.4&#8243; _module_preset=&#8221;default&#8221; global_colors_info=&#8221;{}&#8221;][et_pb_text _builder_version=&#8221;4.27.4&#8243; _module_preset=&#8221;default&#8221; text_font=&#8221;Inter|700|||||||&#8221; text_font_size=&#8221;34px&#8221; header_font=&#8221;Inter|700|||||||&#8221; header_text_color=&#8221;#000000&#8243; header_font_size=&#8221;34px&#8221; header_line_height=&#8221;1.2em&#8221; header_2_font=&#8221;Inter|300|||||||&#8221; header_2_font_size=&#8221;20px&#8221; header_2_line_height=&#8221;28px&#8221; header_4_font=&#8221;Inter|300|||||||&#8221; header_4_font_size=&#8221;17px&#8221; header_4_line_height=&#8221;26px&#8221; background_color=&#8221;#fff3cd&#8221; max_width_tablet=&#8221;450px&#8221; max_width_phone=&#8221;450px&#8221; max_width_last_edited=&#8221;on|desktop&#8221; custom_margin=&#8221;||||false|false&#8221; custom_margin_tablet=&#8221;0px|||0px|false|false&#8221; custom_margin_phone=&#8221;||||false|false&#8221; custom_margin_last_edited=&#8221;on|tablet&#8221; custom_padding=&#8221;10px|20px||20px|false|false&#8221; header_font_size_tablet=&#8221;34px&#8221; header_font_size_phone=&#8221;27px&#8221; header_font_size_last_edited=&#8221;on|phone&#8221; global_colors_info=&#8221;{}&#8221;]<\/p>\n<h4><strong>\u26a0\ufe0f Fontos t\u00e1j\u00e9koztat\u00e1s:<\/strong> Technikai hiba miatt el\u0151fordulhat, hogy az elm\u00falt napokban n\u00e9h\u00e1ny jelentkez\u00e9s nem \u00e9rkezett meg hozz\u00e1nk. Ha nem kapt\u00e1l visszajelz\u00e9st 1 napon bel\u00fcl, k\u00e9rj\u00fck, k\u00fcldd el \u00fajra, vagy \u00edrj nek\u00fcnk: <span style=\"text-decoration: underline;\"><a href=\"mailto:info@brandocs.hu\">info@brandocs.hu<\/a><\/span><\/h4>\n<p>[\/et_pb_text][\/et_pb_column][\/et_pb_row][et_pb_row column_structure=&#8221;1_2,1_2&#8243; disabled_on=&#8221;on|on|on&#8221; _builder_version=&#8221;4.27.4&#8243; _module_preset=&#8221;default&#8221; hover_enabled=&#8221;0&#8243; global_colors_info=&#8221;{}&#8221; disabled=&#8221;on&#8221; sticky_enabled=&#8221;0&#8243;][et_pb_column type=&#8221;1_2&#8243; _builder_version=&#8221;4.27.4&#8243; _module_preset=&#8221;default&#8221; global_colors_info=&#8221;{}&#8221;][et_pb_text disabled_on=&#8221;off|off|off&#8221; _builder_version=&#8221;4.27.4&#8243; _module_preset=&#8221;default&#8221; text_font=&#8221;Inter|700|||||||&#8221; text_font_size=&#8221;34px&#8221; header_font=&#8221;Inter|700|||||||&#8221; header_text_color=&#8221;#000000&#8243; header_font_size=&#8221;34px&#8221; header_line_height=&#8221;1.2em&#8221; header_2_font=&#8221;Inter|300|||||||&#8221; header_2_font_size=&#8221;20px&#8221; header_2_line_height=&#8221;28px&#8221; header_4_font=&#8221;Inter|300|||||||&#8221; header_4_font_size=&#8221;17px&#8221; header_4_line_height=&#8221;26px&#8221; width_tablet=&#8221;&#8221; width_phone=&#8221;&#8221; width_last_edited=&#8221;on|tablet&#8221; max_width_tablet=&#8221;&#8221; max_width_phone=&#8221;&#8221; max_width_last_edited=&#8221;on|desktop&#8221; custom_margin=&#8221;||||false|false&#8221; custom_margin_tablet=&#8221;0px|||0px|false|false&#8221; custom_margin_phone=&#8221;||||false|false&#8221; custom_margin_last_edited=&#8221;on|desktop&#8221; header_font_size_tablet=&#8221;34px&#8221; header_font_size_phone=&#8221;27px&#8221; header_font_size_last_edited=&#8221;on|phone&#8221; locked=&#8221;off&#8221; global_colors_info=&#8221;{}&#8221;]<\/p>\n<h1><span class=\"highlight-red\">Jelentkezem<\/span> bemutat\u00f3ra<\/h1>\n<h4>Foglald le helyed valamelyik ingyenes priv\u00e1t online bemutat\u00f3nkon \u00e9s megmutatjuk Neked, hogy milyen megold\u00e1sai vannak a Brandocs automazi\u00e1lt aj\u00e1nlatut\u00e1nk\u00f6vet\u0151 rendszernek, amivel magasabb szintre emelheted \u00e9rt\u00e9kes\u00edt\u00e9sedet.<\/h4>\n<p>[\/et_pb_text][dsm_icon_list icon_gap_width=&#8221;1.5em&#8221; icon_padding=&#8221;4px&#8221; icon_font_size=&#8221;18px&#8221; list_vertical_alignment=&#8221;flex-start&#8221; list_padding=&#8221;||||false|false&#8221; _builder_version=&#8221;4.27.3&#8243; _module_preset=&#8221;default&#8221; text_font=&#8221;Inter|300|||||||&#8221; text_font_size=&#8221;17px&#8221; custom_margin=&#8221;||||false|false&#8221; locked=&#8221;off&#8221; global_colors_info=&#8221;{}&#8221;][dsm_icon_list_child text=&#8221;C\u00e9gvezet\u0151k, \u00e9rt\u00e9kes\u00edt\u00e9si vezet\u0151k r\u00e9sz\u00e9re&#8221; font_icon=&#8221;&#xf007;||fa||900&#8243; _builder_version=&#8221;4.25.0&#8243; _module_preset=&#8221;default&#8221; global_colors_info=&#8221;{}&#8221;][\/dsm_icon_list_child][dsm_icon_list_child text=&#8221;\u00c9l\u0151 online bemutat\u00f3 Google Meeten&#8221; font_icon=&#8221;&#xf3c5;||fa||900&#8243; _builder_version=&#8221;4.27.3&#8243; _module_preset=&#8221;default&#8221; global_colors_info=&#8221;{}&#8221;][\/dsm_icon_list_child][dsm_icon_list_child text=&#8221;A r\u00e9szv\u00e9tel d\u00edjmentes&#8221; font_icon=&#8221;&#xf153;||fa||900&#8243; _builder_version=&#8221;4.25.0&#8243; _module_preset=&#8221;default&#8221; global_colors_info=&#8221;{}&#8221;][\/dsm_icon_list_child][dsm_icon_list_child text=&#8221;Id\u0151tartam 30-45 perc&#8221; font_icon=&#8221;&#xf017;||fa||400&#8243; _builder_version=&#8221;4.27.3&#8243; _module_preset=&#8221;default&#8221; global_colors_info=&#8221;{}&#8221;][\/dsm_icon_list_child][\/dsm_icon_list][et_pb_text disabled_on=&#8221;on|on|on&#8221; _builder_version=&#8221;4.27.4&#8243; _module_preset=&#8221;default&#8221; text_font=&#8221;Inter|700|||||||&#8221; text_font_size=&#8221;34px&#8221; header_font=&#8221;Inter|700|||||||&#8221; header_text_color=&#8221;#000000&#8243; header_font_size=&#8221;34px&#8221; header_line_height=&#8221;1.2em&#8221; header_2_font=&#8221;Inter|300|||||||&#8221; header_2_font_size=&#8221;20px&#8221; header_2_line_height=&#8221;28px&#8221; header_4_font=&#8221;Inter|300|||||||&#8221; header_4_font_size=&#8221;17px&#8221; header_4_line_height=&#8221;26px&#8221; width_tablet=&#8221;&#8221; width_phone=&#8221;&#8221; width_last_edited=&#8221;on|tablet&#8221; max_width_tablet=&#8221;&#8221; max_width_phone=&#8221;&#8221; max_width_last_edited=&#8221;on|desktop&#8221; custom_margin=&#8221;||||false|false&#8221; custom_margin_tablet=&#8221;0px|||0px|false|false&#8221; custom_margin_phone=&#8221;||||false|false&#8221; custom_margin_last_edited=&#8221;on|desktop&#8221; custom_padding=&#8221;||||false|false&#8221; header_font_size_tablet=&#8221;34px&#8221; header_font_size_phone=&#8221;27px&#8221; header_font_size_last_edited=&#8221;on|phone&#8221; disabled=&#8221;on&#8221; locked=&#8221;off&#8221; global_colors_info=&#8221;{}&#8221;]<\/p>\n<h1>V\u00e1runk a bemutat\u00f3nkon, csatlakozz vagy foglalj id\u0151pontot!<\/h1>\n<h4>Kor\u00e1bban m\u00e1r jelentkezt\u00e9l vagy szeretn\u00e9l csatlakozni valamelyik online bemutat\u00f3nkhoz? Itt megtal\u00e1lod az aktu\u00e1lis id\u0151pontokat \u2013 regisztr\u00e1ci\u00f3 n\u00e9lk\u00fcl is r\u00e9szt vehetsz:<\/h4>\n<h4><strong>\u2022 \ud83d\udcc5 m\u00e1jus 12., h\u00e9tf\u0151 14:00 \u2013 <span style=\"color: #3366ff;\"><a href=\"https:\/\/meet.google.com\/jzw-jpnf-ryy\" target=\"_blank\" rel=\"noopener\" style=\"color: #3366ff;\"><span style=\"text-decoration: underline;\">Csatlakoz\u00e1s itt<\/span><\/a><\/span><\/strong><br \/><strong>\u2022 \ud83d\udcc5 m\u00e1jus 14., szerda 10:00 \u2013 <span style=\"color: #3366ff;\"><a href=\"https:\/\/meet.google.com\/iva-znbd-fby\" target=\"_blank\" rel=\"noopener\" style=\"color: #3366ff;\"><span style=\"text-decoration: underline;\">Csatlakoz\u00e1s itt<\/span><\/a><\/span><\/strong><\/h4>\n<h4><\/h4>\n<h4>\ud83d\udfe2 <strong>M\u00e9g nem jelentkezt\u00e9l?<\/strong> V\u00e1lassz egy sz\u00e1modra megfelel\u0151 id\u0151pontot, \u00e9s foglalj priv\u00e1t online bemutat\u00f3t egyszer\u0171en a napt\u00e1rban!<\/h4>\n<p>[\/et_pb_text][\/et_pb_column][et_pb_column type=&#8221;1_2&#8243; _builder_version=&#8221;4.27.4&#8243; _module_preset=&#8221;default&#8221; global_colors_info=&#8221;{}&#8221;][et_pb_code _builder_version=&#8221;4.27.4&#8243; _module_preset=&#8221;default&#8221; custom_margin=&#8221;-50px||||false|false&#8221; custom_margin_tablet=&#8221;0px||||false|false&#8221; custom_margin_phone=&#8221;0px||||false|false&#8221; custom_margin_last_edited=&#8221;on|phone&#8221; custom_padding=&#8221;||||false|false&#8221; locked=&#8221;off&#8221; global_colors_info=&#8221;{}&#8221;]<iframe loading=\"lazy\" src=\"https:\/\/app.minup.io\/embed\/brandocs-solutions\/service\/25415\" width=\"100%\" height=\"750px\" frameBorder=\"0\"><\/iframe>[\/et_pb_code][\/et_pb_column][\/et_pb_row][et_pb_row column_structure=&#8221;1_2,1_2&#8243; disabled_on=&#8221;on|on|on&#8221; _builder_version=&#8221;4.27.4&#8243; _module_preset=&#8221;default&#8221; disabled=&#8221;on&#8221; locked=&#8221;off&#8221; global_colors_info=&#8221;{}&#8221;][et_pb_column type=&#8221;1_2&#8243; _builder_version=&#8221;4.25.0&#8243; _module_preset=&#8221;default&#8221; global_colors_info=&#8221;{}&#8221;][et_pb_text _builder_version=&#8221;4.25.0&#8243; _module_preset=&#8221;default&#8221; text_font=&#8221;Inter|700|||||||&#8221; text_font_size=&#8221;34px&#8221; header_font=&#8221;Inter|700|||||||&#8221; header_text_color=&#8221;#000000&#8243; header_font_size=&#8221;34px&#8221; header_line_height=&#8221;1.2em&#8221; header_2_font=&#8221;Inter|300|||||||&#8221; header_2_font_size=&#8221;20px&#8221; header_2_line_height=&#8221;28px&#8221; header_4_font=&#8221;Inter|300|||||||&#8221; header_4_font_size=&#8221;17px&#8221; header_4_line_height=&#8221;26px&#8221; width_tablet=&#8221;&#8221; width_phone=&#8221;&#8221; width_last_edited=&#8221;on|tablet&#8221; max_width=&#8221;450px&#8221; max_width_tablet=&#8221;&#8221; max_width_phone=&#8221;&#8221; max_width_last_edited=&#8221;on|desktop&#8221; custom_margin=&#8221;||||false|false&#8221; custom_margin_tablet=&#8221;0px|||0px|false|false&#8221; custom_margin_phone=&#8221;||||false|false&#8221; custom_margin_last_edited=&#8221;on|desktop&#8221; header_font_size_tablet=&#8221;34px&#8221; header_font_size_phone=&#8221;27px&#8221; header_font_size_last_edited=&#8221;on|phone&#8221; locked=&#8221;off&#8221; global_colors_info=&#8221;{}&#8221;]<\/p>\n<h1><span class=\"highlight-orange\">T\u00f6bb elfogadott<\/span> aj\u00e1nlatot\u00a0 szeretn\u00e9l?<\/h1>\n<h4>Foglald le helyed k\u00f6vetkez\u0151 webinariumunkon \u00e9s megmutatjuk Neked, hogy milyen megold\u00e1sai vannak a Brandocs automazi\u00e1lt aj\u00e1nlatut\u00e1nk\u00f6vet\u0151 rendszernek, amivel magasabb szintre emelheted \u00e9rt\u00e9kes\u00edt\u00e9sedet.<\/h4>\n<p>[\/et_pb_text][dsm_icon_list icon_gap_width=&#8221;1.5em&#8221; icon_padding=&#8221;4px&#8221; icon_font_size=&#8221;18px&#8221; list_vertical_alignment=&#8221;flex-start&#8221; list_padding=&#8221;||||false|false&#8221; _builder_version=&#8221;4.25.1&#8243; _module_preset=&#8221;default&#8221; text_font=&#8221;Inter|300|||||||&#8221; text_font_size=&#8221;17px&#8221; custom_margin=&#8221;||||false|false&#8221; locked=&#8221;off&#8221; global_colors_info=&#8221;{}&#8221;][dsm_icon_list_child text=&#8221;C\u00e9gvezet\u0151k, \u00e9rt\u00e9kes\u00edt\u00e9si vezet\u0151k r\u00e9sz\u00e9re&#8221; font_icon=&#8221;&#xf007;||fa||900&#8243; _builder_version=&#8221;4.25.0&#8243; _module_preset=&#8221;default&#8221; global_colors_info=&#8221;{}&#8221;][\/dsm_icon_list_child][dsm_icon_list_child text=&#8221;\u00c9l\u0151 online bemutat\u00f3 Google Meeten&#8221; font_icon=&#8221;&#xf3c5;||fa||900&#8243; _builder_version=&#8221;4.25.0&#8243; _module_preset=&#8221;default&#8221; global_colors_info=&#8221;{}&#8221;][\/dsm_icon_list_child][dsm_icon_list_child text=&#8221;A r\u00e9szv\u00e9tel d\u00edjmentes&#8221; font_icon=&#8221;&#xf153;||fa||900&#8243; _builder_version=&#8221;4.25.0&#8243; _module_preset=&#8221;default&#8221; global_colors_info=&#8221;{}&#8221;][\/dsm_icon_list_child][dsm_icon_list_child text=&#8221;Id\u0151tartam 45 perc&#8221; font_icon=&#8221;&#xf017;||fa||400&#8243; _builder_version=&#8221;4.25.1&#8243; _module_preset=&#8221;default&#8221; global_colors_info=&#8221;{}&#8221;][\/dsm_icon_list_child][\/dsm_icon_list][\/et_pb_column][et_pb_column type=&#8221;1_2&#8243; _builder_version=&#8221;4.25.0&#8243; _module_preset=&#8221;default&#8221; global_colors_info=&#8221;{}&#8221;][et_pb_contact_form use_spam_service=&#8221;on&#8221; recaptcha_list=&#8221;brandocs|brandocs-0&#8243; email=&#8221;bemutato@brandocs.hu&#8221; title=&#8221;Jelentkez\u00e9s bemutat\u00f3ra&#8221; use_redirect=&#8221;on&#8221; redirect_url=&#8221;\/home\/jelentkezes-visszaigazolas&#8221; success_message=&#8221;Sikeres jelentkez\u00e9s&#8221; submit_button_text=&#8221;Lefoglalom a helyem&#8221; _builder_version=&#8221;4.27.4&#8243; _module_preset=&#8221;default&#8221; _unique_id=&#8221;df7f06da-01d5-41b4-a7e6-4801e82c506b&#8221; form_field_text_color=&#8221;#000000&#8243; title_font=&#8221;Inter||||||||&#8221; title_text_color=&#8221;#000000&#8243; captcha_text_color=&#8221;#000000&#8243; form_field_font=&#8221;Inter|300|||||||&#8221; form_field_font_size=&#8221;16px&#8221; custom_button=&#8221;on&#8221; button_text_size=&#8221;17px&#8221; button_text_color=&#8221;#FFFFFF&#8221; button_bg_color=&#8221;#e4032e&#8221; button_border_color=&#8221;#e4032e&#8221; button_border_radius=&#8221;16px&#8221; button_font=&#8221;Inter|600|||||||&#8221; button_icon_color=&#8221;#FFFFFF&#8221; button_custom_margin=&#8221;10px||||false|false&#8221; button_custom_padding=&#8221;7px|30px|7px|30px|false|false&#8221; button_custom_padding_tablet=&#8221;7px|30px|7px|30px|false|false&#8221; button_custom_padding_phone=&#8221;|65px||65px|false|true&#8221; button_custom_padding_last_edited=&#8221;on|phone&#8221; custom_margin_tablet=&#8221;30px||||false|false&#8221; custom_margin_phone=&#8221;30px||||false|false&#8221; custom_margin_last_edited=&#8221;on|tablet&#8221; custom_css_free_form=&#8221;.et_pb_contact_field_options_wrapper .et_pb_contact_field_options_title {||  \tcolor: black;\t||}&#8221; global_colors_info=&#8221;{}&#8221;][et_pb_contact_field field_id=&#8221;Nev&#8221; field_title=&#8221;N\u00e9v&#8221; _builder_version=&#8221;4.25.0&#8243; global_colors_info=&#8221;{}&#8221; button_text_size__hover_enabled=&#8221;off&#8221; button_one_text_size__hover_enabled=&#8221;off&#8221; button_two_text_size__hover_enabled=&#8221;off&#8221; button_text_color__hover_enabled=&#8221;off&#8221; button_one_text_color__hover_enabled=&#8221;off&#8221; button_two_text_color__hover_enabled=&#8221;off&#8221; button_border_width__hover_enabled=&#8221;off&#8221; button_one_border_width__hover_enabled=&#8221;off&#8221; button_two_border_width__hover_enabled=&#8221;off&#8221; button_border_color__hover_enabled=&#8221;off&#8221; button_one_border_color__hover_enabled=&#8221;off&#8221; button_two_border_color__hover_enabled=&#8221;off&#8221; button_border_radius__hover_enabled=&#8221;off&#8221; button_one_border_radius__hover_enabled=&#8221;off&#8221; button_two_border_radius__hover_enabled=&#8221;off&#8221; button_letter_spacing__hover_enabled=&#8221;off&#8221; button_one_letter_spacing__hover_enabled=&#8221;off&#8221; button_two_letter_spacing__hover_enabled=&#8221;off&#8221; button_bg_color__hover_enabled=&#8221;off&#8221; button_one_bg_color__hover_enabled=&#8221;off&#8221; button_two_bg_color__hover_enabled=&#8221;off&#8221;][\/et_pb_contact_field][et_pb_contact_field field_id=&#8221;Cegnev&#8221; field_title=&#8221;C\u00e9gn\u00e9v&#8221; _builder_version=&#8221;4.25.0&#8243; _module_preset=&#8221;default&#8221; global_colors_info=&#8221;{}&#8221;][\/et_pb_contact_field][et_pb_contact_field field_id=&#8221;Email&#8221; field_title=&#8221;E-mail&#8221; field_type=&#8221;email&#8221; _builder_version=&#8221;4.25.0&#8243; global_colors_info=&#8221;{}&#8221; button_text_size__hover_enabled=&#8221;off&#8221; button_one_text_size__hover_enabled=&#8221;off&#8221; button_two_text_size__hover_enabled=&#8221;off&#8221; button_text_color__hover_enabled=&#8221;off&#8221; button_one_text_color__hover_enabled=&#8221;off&#8221; button_two_text_color__hover_enabled=&#8221;off&#8221; button_border_width__hover_enabled=&#8221;off&#8221; button_one_border_width__hover_enabled=&#8221;off&#8221; button_two_border_width__hover_enabled=&#8221;off&#8221; button_border_color__hover_enabled=&#8221;off&#8221; button_one_border_color__hover_enabled=&#8221;off&#8221; button_two_border_color__hover_enabled=&#8221;off&#8221; button_border_radius__hover_enabled=&#8221;off&#8221; button_one_border_radius__hover_enabled=&#8221;off&#8221; button_two_border_radius__hover_enabled=&#8221;off&#8221; button_letter_spacing__hover_enabled=&#8221;off&#8221; button_one_letter_spacing__hover_enabled=&#8221;off&#8221; button_two_letter_spacing__hover_enabled=&#8221;off&#8221; button_bg_color__hover_enabled=&#8221;off&#8221; button_one_bg_color__hover_enabled=&#8221;off&#8221; button_two_bg_color__hover_enabled=&#8221;off&#8221;][\/et_pb_contact_field][et_pb_contact_field field_id=&#8221;Telefon&#8221; field_title=&#8221;Telefon&#8221; _builder_version=&#8221;4.25.0&#8243; _module_preset=&#8221;default&#8221; global_colors_info=&#8221;{}&#8221;][\/et_pb_contact_field][et_pb_contact_field field_id=&#8221;Date&#8221; field_title=&#8221;D\u00e1tum&#8221; field_type=&#8221;radio&#8221; radio_options=&#8221;%91{%22value%22:%222025. m\u00e1jus 7., szerda 10:00%22,%22checked%22:0,%22dragID%22:-1},{%22value%22:%222025. m\u00e1jus 8., cs\u00fct\u00f6rt\u00f6k 10:00%22,%22checked%22:0,%22dragID%22:0},{%22value%22:%222025. m\u00e1jus 8., cs\u00fct\u00f6rt\u00f6k 15:00%22,%22checked%22:0,%22dragID%22:1},{%22value%22:%222025. m\u00e1jus 9., p\u00e9ntek 10:00%22,%22checked%22:0,%22dragID%22:2},{%22value%22:%222025. m\u00e1jus 9., p\u00e9ntek 14:00%22,%22checked%22:0,%22dragID%22:3},{%22value%22:%222025. m\u00e1jus 12., h\u00e9tf\u0151 14:00%22,%22checked%22:0,%22dragID%22:4},{%22value%22:%222025. m\u00e1jus 14., szerda 10:00%22,%22checked%22:0,%22dragID%22:5}%93&#8243; fullwidth_field=&#8221;on&#8221; _builder_version=&#8221;4.27.4&#8243; _module_preset=&#8221;default&#8221; global_colors_info=&#8221;{}&#8221;][\/et_pb_contact_field][et_pb_contact_field field_id=&#8221;Adatkezelesi&#8221; field_title=&#8221;Adatkezel\u00e9si t\u00e1j\u00e9koztat\u00f3&#8221; field_type=&#8221;checkbox&#8221; checkbox_options=&#8221;%91{%22value%22:%22Elolvastam \u00e9s egyet\u00e9rtek az %22,%22checked%22:0,%22dragID%22:-1,%22link_url%22:%22\/home\/adatkezelesi-tajekoztato%22,%22link_text%22:%22adatkezel\u00e9si t\u00e1j\u00e9koztat\u00f3val%22}%93&#8243; fullwidth_field=&#8221;on&#8221; _builder_version=&#8221;4.25.0&#8243; _module_preset=&#8221;default&#8221; global_colors_info=&#8221;{}&#8221;][\/et_pb_contact_field][\/et_pb_contact_form][\/et_pb_column][\/et_pb_row][et_pb_row column_structure=&#8221;1_2,1_2&#8243; disabled_on=&#8221;on|on|on&#8221; _builder_version=&#8221;4.27.4&#8243; _module_preset=&#8221;default&#8221; custom_margin=&#8221;20px||||false|false&#8221; disabled=&#8221;on&#8221; global_colors_info=&#8221;{}&#8221;][et_pb_column type=&#8221;1_2&#8243; _builder_version=&#8221;4.25.0&#8243; _module_preset=&#8221;default&#8221; global_colors_info=&#8221;{}&#8221;][et_pb_text _builder_version=&#8221;4.25.0&#8243; _module_preset=&#8221;default&#8221; header_3_font=&#8221;Inter||||||||&#8221; header_3_font_size=&#8221;26px&#8221; header_3_line_height=&#8221;1.2em&#8221; custom_margin=&#8221;||15px||false|false&#8221; global_colors_info=&#8221;{}&#8221;]<\/p>\n<h3>Hogyan k\u00e9sz\u00fclj a bemutat\u00f3ra?<\/h3>\n<p>[\/et_pb_text][dsm_icon_list icon_gap_width=&#8221;1.5em&#8221; icon_padding=&#8221;4px&#8221; icon_font_size=&#8221;18px&#8221; list_vertical_alignment=&#8221;flex-start&#8221; list_padding=&#8221;||||false|false&#8221; _builder_version=&#8221;4.25.0&#8243; _module_preset=&#8221;default&#8221; text_font=&#8221;Inter|300|||||||&#8221; global_colors_info=&#8221;{}&#8221;][dsm_icon_list_child text=&#8221;Ellen\u0151rizd, hogy a csatlakoz\u00e1sra haszn\u00e1lt eszk\u00f6z\u00f6d (pl. telefon, sz\u00e1m\u00edt\u00f3g\u00e9p, tablet) rendelkezik-e stabil internetkapcsolattal, \u00e9s m\u0171k\u00f6dik-e a webkamer\u00e1ja \u00e9s mikrofonja.&#8221; font_icon=&#8221;&#x71;||divi||400&#8243; _builder_version=&#8221;4.25.0&#8243; _module_preset=&#8221;default&#8221; global_colors_info=&#8221;{}&#8221;][\/dsm_icon_list_child][dsm_icon_list_child text=&#8221;K\u00e9sz\u00edts magad mell\u00e9 egy jegyzetf\u00fczetet, mert a tr\u00e9ning felv\u00e9tel\u00e9t nem biztos\u00edtjuk, \u00edgy fontos, hogy semmir\u0151l se maradj le!&#8221; font_icon=&#8221;&#x71;||divi||400&#8243; _builder_version=&#8221;4.25.0&#8243; _module_preset=&#8221;default&#8221; global_colors_info=&#8221;{}&#8221;][\/dsm_icon_list_child][dsm_icon_list_child text=&#8221;\u00cdrd \u00f6ssze el\u0151re k\u00e9rd\u00e9seidet, amit szeretn\u00e9l tudni rendszer\u00fcnkr\u0151l.&#8221; font_icon=&#8221;&#x71;||divi||400&#8243; _builder_version=&#8221;4.25.0&#8243; _module_preset=&#8221;default&#8221; global_colors_info=&#8221;{}&#8221;][\/dsm_icon_list_child][\/dsm_icon_list][\/et_pb_column][et_pb_column type=&#8221;1_2&#8243; _builder_version=&#8221;4.25.0&#8243; _module_preset=&#8221;default&#8221; global_colors_info=&#8221;{}&#8221;][et_pb_text _builder_version=&#8221;4.25.0&#8243; _module_preset=&#8221;default&#8221; header_3_font=&#8221;Inter||||||||&#8221; header_3_font_size=&#8221;26px&#8221; header_3_line_height=&#8221;1.2em&#8221; custom_margin=&#8221;||15px||false|false&#8221; custom_margin_tablet=&#8221;15px||||false|false&#8221; custom_margin_phone=&#8221;30px||||false|false&#8221; custom_margin_last_edited=&#8221;on|phone&#8221; locked=&#8221;off&#8221; global_colors_info=&#8221;{}&#8221;]<\/p>\n<h3>Erre sz\u00e1m\u00edthatsz a bemutat\u00f3n:<\/h3>\n<p>[\/et_pb_text][dsm_icon_list icon_gap_width=&#8221;1.5em&#8221; icon_padding=&#8221;4px&#8221; icon_font_size=&#8221;18px&#8221; list_vertical_alignment=&#8221;flex-start&#8221; list_padding=&#8221;||||false|false&#8221; _builder_version=&#8221;4.25.0&#8243; _module_preset=&#8221;default&#8221; text_font=&#8221;Inter|300|||||||&#8221; locked=&#8221;off&#8221; global_colors_info=&#8221;{}&#8221;][dsm_icon_list_child text=&#8221;Bemutatjuk a rendszer\u00fcnk funkci\u00f3it \u00e9s el\u0151nyeit, seg\u00edtve, hogy \u00e1tfog\u00f3 k\u00e9pet kapj arr\u00f3l, hogyan m\u0171k\u00f6dik \u00e9s hogyan alkalmazhatod a megl\u00e9v\u0151 munkafolyamataidba.&#8221; font_icon=&#8221;&#x52;||divi||400&#8243; _builder_version=&#8221;4.25.0&#8243; _module_preset=&#8221;default&#8221; global_colors_info=&#8221;{}&#8221;][\/dsm_icon_list_child][dsm_icon_list_child text=&#8221;L\u00e9p\u00e9sr\u0151l l\u00e9p\u00e9sre v\u00e9gigvezet\u00fcnk egy val\u00f3s p\u00e9ld\u00e1n kereszt\u00fcl, bemutatva, hogyan haszn\u00e1lhat\u00f3 a rendszer a gyakorlatban, hogy l\u00e1thasd, mennyire egyszer\u0171 \u00e9s hat\u00e9kony.&#8221; font_icon=&#8221;&#x52;||divi||400&#8243; _builder_version=&#8221;4.25.0&#8243; _module_preset=&#8221;default&#8221; global_colors_info=&#8221;{}&#8221;][\/dsm_icon_list_child][dsm_icon_list_child text=&#8221;Lehet\u0151s\u00e9ged lesz feltenni szem\u00e9lyes k\u00e9rd\u00e9seidet a bemutat\u00f3 alatt, \u00edgy minden k\u00e9ts\u00e9gedre v\u00e1laszt kaphatsz k\u00f6zvetlen\u00fcl szak\u00e9rt\u0151inkt\u0151l.&#8221; font_icon=&#8221;&#x52;||divi||400&#8243; _builder_version=&#8221;4.25.0&#8243; _module_preset=&#8221;default&#8221; global_colors_info=&#8221;{}&#8221;][\/dsm_icon_list_child][\/dsm_icon_list][\/et_pb_column][\/et_pb_row][\/et_pb_section]<\/p>\n","protected":false},"excerpt":{"rendered":"<p>\u26a0\ufe0f Fontos t\u00e1j\u00e9koztat\u00e1s: Technikai hiba miatt el\u0151fordulhat, hogy az elm\u00falt napokban n\u00e9h\u00e1ny jelentkez\u00e9s nem \u00e9rkezett meg hozz\u00e1nk. Ha nem kapt\u00e1l visszajelz\u00e9st 1 napon bel\u00fcl, k\u00e9rj\u00fck, k\u00fcldd el \u00fajra, vagy \u00edrj nek\u00fcnk: info@brandocs.huJelentkezem bemutat\u00f3ra Foglald le helyed valamelyik ingyenes priv\u00e1t online bemutat\u00f3nkon \u00e9s megmutatjuk Neked, hogy milyen megold\u00e1sai vannak a Brandocs automazi\u00e1lt aj\u00e1nlatut\u00e1nk\u00f6vet\u0151 rendszernek, amivel magasabb [&hellip;]<\/p>\n","protected":false},"author":3,"featured_media":0,"parent":0,"menu_order":0,"comment_status":"closed","ping_status":"closed","template":"","meta":{"_et_pb_use_builder":"on","_et_pb_old_content":"","_et_gb_content_width":"","footnotes":""},"class_list":["post-275610","page","type-page","status-publish","hentry"],"_links":{"self":[{"href":"https:\/\/brandocs.hu\/home\/wp-json\/wp\/v2\/pages\/275610","targetHints":{"allow":["GET"]}}],"collection":[{"href":"https:\/\/brandocs.hu\/home\/wp-json\/wp\/v2\/pages"}],"about":[{"href":"https:\/\/brandocs.hu\/home\/wp-json\/wp\/v2\/types\/page"}],"author":[{"embeddable":true,"href":"https:\/\/brandocs.hu\/home\/wp-json\/wp\/v2\/users\/3"}],"replies":[{"embeddable":true,"href":"https:\/\/brandocs.hu\/home\/wp-json\/wp\/v2\/comments?post=275610"}],"version-history":[{"count":204,"href":"https:\/\/brandocs.hu\/home\/wp-json\/wp\/v2\/pages\/275610\/revisions"}],"predecessor-version":[{"id":277110,"href":"https:\/\/brandocs.hu\/home\/wp-json\/wp\/v2\/pages\/275610\/revisions\/277110"}],"wp:attachment":[{"href":"https:\/\/brandocs.hu\/home\/wp-json\/wp\/v2\/media?parent=275610"}],"curies":[{"name":"wp","href":"https:\/\/api.w.org\/{rel}","templated":true}]}}